{"id":1251,"date":"2024-04-06T08:21:24","date_gmt":"2024-04-06T06:21:24","guid":{"rendered":"https:\/\/nmk-pub.ch\/?page_id=1251"},"modified":"2024-11-03T10:03:11","modified_gmt":"2024-11-03T09:03:11","slug":"projets","status":"publish","type":"page","link":"https:\/\/nmk-pub.ch\/en\/projets\/","title":{"rendered":"Projects"},"content":{"rendered":"<h5>\n\t\tFor SMEs and private customers \n\t<\/h5>\n<h1>\n\t\tFrom projects to achievements\n\t<\/h1>\n\t<p>Boost your visibility with NMKPub! We have the tailor-made solution to showcase your business.<\/p>\n\t<h3>Are you interested in our services?<\/h3>\n<p>So, get in touch to tell us about your project or send us a request via our online quote form.<\/p>\n\t<p>Votre premi\u00e8re impression est cruciale, alors ne laissez rien au hasard ! Optez pour l&#8217;excellence avec NMKPub : des experts en signal\u00e9tique qui transforment votre image en une r\u00e9f\u00e9rence incontournable.<\/p>\n<p>D\u00e9couvrez nos solutions sur mesure adapt\u00e9es \u00e0 chaque secteur d&#8217;activit\u00e9. Fort de notre pr\u00e9sence \u00e0 travers la Suisse romande, NMKPub poss\u00e8de le savoir-faire, la technologie et l&#8217;expertise n\u00e9cessaires pour concr\u00e9tiser votre projet de signal\u00e9tique.<\/p>\n<p>Contactez d\u00e8s maintenant l&#8217;\u00e9quipe NMKPub et laissez-nous sublimer la communication visuelle de votre entreprise. Nos \u00e9quipes sont l\u00e0 pour vous accompagner.<\/p>\n\t\t\t<a href=\"https:\/\/nmk-pub.ch\/en\/contact-nmkpub\/\" target=\"_self\" rel=\"noopener\">\n\t\t\t\t\t\t\tGet in touch to discuss my project\n\t\t\t\t\t<\/a>\n\t\t\t<a href=\"https:\/\/nmk-pub.ch\/en\/devis\/\" target=\"_self\" rel=\"noopener\">\n\t\t\t\t\t\t\tRequest an express quote related to my project\n\t\t\t\t\t<\/a>","protected":false},"excerpt":{"rendered":"<p>Pour PME et client\u00e8le priv\u00e9e Des projets aux r\u00e9alisations Boostez votre visibilit\u00e9 avec NMKPub ! Nous avons la solution sur mesure pour mettre en valeur votre entreprise. Vous \u00eates int\u00e9ress\u00e9-e par nos services ? Alors, prenez contact pour nous faire part de votre projet ou envoyez-nous une demande via notre formulaire de devis en ligne&hellip;<\/p>","protected":false},"author":1,"featured_media":0,"parent":0,"menu_order":0,"comment_status":"closed","ping_status":"closed","template":"","meta":{"_acf_changed":false,"footnotes":""},"class_list":["post-1251","page","type-page","status-publish","hentry"],"acf":[],"_links":{"self":[{"href":"https:\/\/nmk-pub.ch\/en\/wp-json\/wp\/v2\/pages\/1251","targetHints":{"allow":["GET"]}}],"collection":[{"href":"https:\/\/nmk-pub.ch\/en\/wp-json\/wp\/v2\/pages"}],"about":[{"href":"https:\/\/nmk-pub.ch\/en\/wp-json\/wp\/v2\/types\/page"}],"author":[{"embeddable":true,"href":"https:\/\/nmk-pub.ch\/en\/wp-json\/wp\/v2\/users\/1"}],"replies":[{"embeddable":true,"href":"https:\/\/nmk-pub.ch\/en\/wp-json\/wp\/v2\/comments?post=1251"}],"version-history":[{"count":46,"href":"https:\/\/nmk-pub.ch\/en\/wp-json\/wp\/v2\/pages\/1251\/revisions"}],"predecessor-version":[{"id":2633,"href":"https:\/\/nmk-pub.ch\/en\/wp-json\/wp\/v2\/pages\/1251\/revisions\/2633"}],"wp:attachment":[{"href":"https:\/\/nmk-pub.ch\/en\/wp-json\/wp\/v2\/media?parent=1251"}],"curies":[{"name":"wp","href":"https:\/\/api.w.org\/{rel}","templated":true}]}}