{"id":1281,"date":"2024-04-06T09:38:16","date_gmt":"2024-04-06T07:38:16","guid":{"rendered":"https:\/\/nmk-pub.ch\/?page_id=1281"},"modified":"2024-11-03T09:09:51","modified_gmt":"2024-11-03T08:09:51","slug":"commandes","status":"publish","type":"page","link":"https:\/\/nmk-pub.ch\/en\/commandes\/","title":{"rendered":"Orders"},"content":{"rendered":"<img loading=\"lazy\" decoding=\"async\" src=\"https:\/\/nmk-pub.ch\/wp-content\/uploads\/2024\/03\/logo-nmk-ligne.png\" alt=\"logo-nmk-ligne\" itemprop=\"image\" height=\"76\" width=\"273\" title=\"logo-nmk-line\" onerror=\"this.style.display='none'\"  \/>\n<h5>\n\t\tFor SMEs and private customers \n\t<\/h5>\n<h1>\n\t\tPlace your orders\n\t<\/h1>\n\t<p>Nous sommes ravis que vous ayez d\u00e9cid\u00e9 de faire confiance \u00e0 notre expertise pour concr\u00e9tiser votre projet. Lorsque vous passez vos commandes chez nous, vous b\u00e9n\u00e9ficiez d&#8217;un processus fluide et efficace, con\u00e7u pour vous offrir une exp\u00e9rience client exceptionnelle \u00e0 chaque \u00e9tape du chemin.<\/p>\n\t\t\t\t<img loading=\"lazy\" decoding=\"async\" src=\"https:\/\/nmk-pub.ch\/wp-content\/uploads\/2024\/06\/vehicule-covering-client-novalla-a-2.webp\" alt=\"vehicule-covering-client-novalla-a-2\" itemprop=\"image\" height=\"1200\" width=\"1600\" title=\"vehicle-covering-client-novalla-a-2\" onerror=\"this.style.display='none'\"  \/>\n<h2>\n\t\tWelcome and listening\n\t<\/h2>\n\t<p>As soon as you walk through the door of NMKPub, you are welcomed by our warm and professional team, ready to support you throughout your visual communication project. Our first goal is to understand your unique needs, goals and challenges. We firmly believe that the key to success lies in a thorough understanding of your vision, your business and your market.<\/p>\n<p>We start by carefully listening to your needs. Every detail counts, and we take the time to understand what sets you apart, what you&#039;re looking for, and the results you want to achieve. Whether you are a small local business or a large international company, we are here to listen and advise you based on your specific needs.<\/p>\n<h2>\n\t\tOffer\n\t<\/h2>\n<p>Une fois que nous avons une compr\u00e9hension claire de vos besoins, notre \u00e9quipe d&#8217;experts entre en action pour concevoir une solution sur mesure qui r\u00e9pond parfaitement \u00e0 vos attentes. Que vous ayez besoin d&#8217;une nouvelle signal\u00e9tique pour votre entreprise, d&#8217;un logo percutant ou de supports publicitaires innovants, nous mettons notre expertise et notre cr\u00e9ativit\u00e9 \u00e0 votre service pour cr\u00e9er des solutions visuelles qui captivent votre public cible et renforcent votre marque.<\/p>\n<p>Nous attachons une grande importance \u00e0 la transparence et \u00e0 la communication tout au long du processus. Vous serez r\u00e9guli\u00e8rement inform\u00e9 de l&#8217;avancement de votre projet et nous sommes toujours disponibles pour r\u00e9pondre \u00e0 vos questions et discuter de tout ajustement n\u00e9cessaire. Notre objectif est de vous offrir une exp\u00e9rience sans stress et de vous donner la tranquillit\u00e9 d&#8217;esprit en sachant que votre projet est entre de bonnes mains.<\/p>\n<h2>\n\t\tFollow up\n\t<\/h2>\n<p>Une fois que votre projet est finalis\u00e9, notre engagement envers vous ne s&#8217;arr\u00eate pas l\u00e0. Nous nous assurons que vous \u00eates enti\u00e8rement satisfait du r\u00e9sultat final et nous sommes disponibles pour toute assistance suppl\u00e9mentaire dont vous pourriez avoir besoin. Chez NMKPub, nous croyons en l&#8217;\u00e9tablissement de relations \u00e0 long terme avec nos clients, et nous sommes fiers de vous accompagner \u00e0 chaque \u00e9tape de votre parcours de communication visuelle.<\/p>\n<p>In summary, when you choose NMKPub, you choose a trusted partner who puts your needs at the heart of everything we do. From initial contact to final delivery, we are committed to providing you with an exceptional experience and providing solutions that exceed your expectations. We look forward to collaborating with you and helping you achieve your visual communications goals.<\/p>\n\t\t\t\t<img loading=\"lazy\" decoding=\"async\" src=\"https:\/\/nmk-pub.ch\/wp-content\/uploads\/2024\/10\/signaletique-bureaux-client-Unite8-a-2.jpeg\" alt=\"signaletique-bureaux-client-Unite8-a-2\" itemprop=\"image\" height=\"1536\" width=\"2048\" title=\"signage-customer-offices-Unit8-a-2\" onerror=\"this.style.display='none'\"  \/>\n<h2>\n\t\tBefore ordering\n\t<\/h2>\n\t<p>Une fois que vous avez re\u00e7u et examin\u00e9 votre devis personnalis\u00e9, et que vous \u00eates enti\u00e8rement satisfait des d\u00e9tails et des conditions, vous \u00eates pr\u00eat \u00e0 passer \u00e0 l&#8217;\u00e9tape suivante : la commande. Pour cela, notre \u00e9quipe d\u00e9di\u00e9e est l\u00e0 pour vous guider et vous accompagner tout au long du processus.<\/p>\n<p>Pour commencer, il vous suffit de nous informer de votre d\u00e9cision de passer commande en nous contactant par t\u00e9l\u00e9phone, par e-mail ou en nous rendant visite dans l&#8217;une de nos agences. Nous vous assignerons alors un gestionnaire de compte d\u00e9di\u00e9 qui sera votre principal point de contact tout au long de votre projet.<\/p>\n<p>Your account manager will work closely with you to finalize your order details, including technical specifications, due dates and payment terms. We are committed to answering all your questions and providing you with all the information you need to feel confident in your decision.<\/p>\n<h2>\n\t\tConfirmation of the order\n\t<\/h2>\n\t<p>Une fois que tous les d\u00e9tails ont \u00e9t\u00e9 confirm\u00e9s et que vous \u00eates pr\u00eat \u00e0 passer \u00e0 l&#8217;\u00e9tape suivante, nous \u00e9tablirons un contrat de commande d\u00e9taill\u00e9 qui r\u00e9capitulera tous les aspects convenus de votre projet. Ce contrat servira de r\u00e9f\u00e9rence tout au long du processus de r\u00e9alisation de votre commande et garantira que toutes les parties impliqu\u00e9es sont sur la m\u00eame longueur d&#8217;onde.<\/p>\n<p>Apr\u00e8s la signature du contrat, notre \u00e9quipe d\u00e9di\u00e9e se mettra au travail pour donner vie \u00e0 votre projet. Que vous ayez command\u00e9 des impressions num\u00e9riques, de la signal\u00e9tique, des marquages de v\u00e9hicules ou d&#8217;autres services, vous pouvez \u00eatre assur\u00e9 que votre commande sera trait\u00e9e avec le plus grand soin et professionnalisme.<\/p>\n<h2>\n\t\tOrder tracking\n\t<\/h2>\n\t<p>Pendant que nous travaillons sur votre commande, votre gestionnaire de compte restera \u00e0 votre disposition pour r\u00e9pondre \u00e0 toutes vos questions et vous tenir inform\u00e9 de l&#8217;avancement de votre projet. Notre objectif est de vous offrir une exp\u00e9rience client sans tracas et de vous livrer des r\u00e9sultats qui d\u00e9passent vos attentes.<\/p>\n<p>Chez NMKPub, nous sommes d\u00e9termin\u00e9s \u00e0 fournir \u00e0 nos clients des solutions de communication de haute qualit\u00e9, adapt\u00e9es \u00e0 leurs besoins sp\u00e9cifiques. Nous sommes impatients de travailler avec vous pour concr\u00e9tiser votre vision et vous aider \u00e0 atteindre vos objectifs commerciaux. Contactez-nous d\u00e8s aujourd&#8217;hui pour passer votre commande et d\u00e9couvrir comment nous pouvons vous aider \u00e0 r\u00e9ussir.<\/p>\n<h2>\n\t\tPayment\n\t<\/h2>\n\t<p>Vous pouvez payer par facture ou d\u00e9bit direct. Pour les petits mandats, nous demandons un paiement \u00e0 l&#8217;avance. Nous acceptons \u00e9galement les paiements par visa, mastercard et twint. Pour les mandats plus importants, nous demandons un acompte. Nos factures sont payables \u00e0 30 jours.<\/p>\n<h3>\n\t\tWe also accept the following payment methods\n\t<\/h3>\n\t\t\t\t\t\t<img decoding=\"async\" src=\"https:\/\/nmk-pub.ch\/wp-content\/uploads\/2024\/05\/visa.png\" alt=\"VISA\" data-no-lazy=\"1\" title=\"\">\t\t\t\t\t\n                            <p>VISA<\/p>\n\t\t\t\t\t\t<img decoding=\"async\" src=\"https:\/\/nmk-pub.ch\/wp-content\/uploads\/2024\/05\/mastercard.png\" alt=\"MASTERCARD\" data-no-lazy=\"1\" title=\"\">\t\t\t\t\t\n                            <p>MASTERCARD<\/p>\n\t\t\t\t\t\t<img decoding=\"async\" src=\"https:\/\/nmk-pub.ch\/wp-content\/uploads\/2024\/05\/twint.png\" alt=\"TWINT\" data-no-lazy=\"1\" title=\"\">\t\t\t\t\t\n                            <p>TWINT<\/p>\n\t\t\t<button>Next<\/button>\n\t\t<button>Previous<\/button>\n<h2>\n\t\tdelivery time\n\t<\/h2>\n\t<p>Les d\u00e9lais de livraison d\u00e9pendent du mandat. Dans le cas d&#8217;une demande simple, nous pouvons traiter votre commande dans un d\u00e9lai court. Pour plus d&#8217;information, prenez contact directement.<\/p>","protected":false},"excerpt":{"rendered":"<p>Pour PME et client\u00e8le priv\u00e9e Passer vos commandes Nous sommes ravis que vous ayez d\u00e9cid\u00e9 de faire confiance \u00e0 notre expertise pour concr\u00e9tiser votre projet. Lorsque vous passez vos commandes chez nous, vous b\u00e9n\u00e9ficiez d&#8217;un processus fluide et efficace, con\u00e7u pour vous offrir une exp\u00e9rience client exceptionnelle \u00e0 chaque \u00e9tape du chemin. Accueil et \u00e9coute&hellip;<\/p>","protected":false},"author":1,"featured_media":0,"parent":0,"menu_order":0,"comment_status":"closed","ping_status":"closed","template":"","meta":{"_acf_changed":false,"footnotes":""},"class_list":["post-1281","page","type-page","status-publish","hentry"],"acf":[],"_links":{"self":[{"href":"https:\/\/nmk-pub.ch\/en\/wp-json\/wp\/v2\/pages\/1281","targetHints":{"allow":["GET"]}}],"collection":[{"href":"https:\/\/nmk-pub.ch\/en\/wp-json\/wp\/v2\/pages"}],"about":[{"href":"https:\/\/nmk-pub.ch\/en\/wp-json\/wp\/v2\/types\/page"}],"author":[{"embeddable":true,"href":"https:\/\/nmk-pub.ch\/en\/wp-json\/wp\/v2\/users\/1"}],"replies":[{"embeddable":true,"href":"https:\/\/nmk-pub.ch\/en\/wp-json\/wp\/v2\/comments?post=1281"}],"version-history":[{"count":13,"href":"https:\/\/nmk-pub.ch\/en\/wp-json\/wp\/v2\/pages\/1281\/revisions"}],"predecessor-version":[{"id":2624,"href":"https:\/\/nmk-pub.ch\/en\/wp-json\/wp\/v2\/pages\/1281\/revisions\/2624"}],"wp:attachment":[{"href":"https:\/\/nmk-pub.ch\/en\/wp-json\/wp\/v2\/media?parent=1281"}],"curies":[{"name":"wp","href":"https:\/\/api.w.org\/{rel}","templated":true}]}}