{"id":1289,"date":"2024-04-06T12:25:50","date_gmt":"2024-04-06T10:25:50","guid":{"rendered":"https:\/\/nmk-pub.ch\/?page_id=1289"},"modified":"2024-11-03T10:44:09","modified_gmt":"2024-11-03T09:44:09","slug":"a-propos-de-nmk-pub","status":"publish","type":"page","link":"https:\/\/nmk-pub.ch\/en\/a-propos-de-nmk-pub\/","title":{"rendered":"About Nmk-Pub"},"content":{"rendered":"<img loading=\"lazy\" decoding=\"async\" src=\"https:\/\/nmk-pub.ch\/wp-content\/uploads\/2024\/03\/logo-nmk-ligne.png\" alt=\"logo-nmk-ligne\" itemprop=\"image\" height=\"76\" width=\"273\" title=\"logo-nmk-line\" onerror=\"this.style.display='none'\"  \/>\n<h5>\n\t\tFor SMEs and private customers\n\t<\/h5>\n<h1>\n\t\tAbout NMK-PUB: Your Partner in Visual Communication in French-speaking Switzerland\n\t<\/h1>\n\t<p>Fond\u00e9e en 2004, notre entreprise est solidement implant\u00e9e en Suisse romande et s&#8217;engage \u00e0 offrir des solutions cr\u00e9atives et efficaces, que vous soyez une petite entreprise locale ou une grande entreprise nationale.<\/p>\n\t\t\t\t<img loading=\"lazy\" decoding=\"async\" src=\"https:\/\/nmk-pub.ch\/wp-content\/uploads\/2024\/03\/nmkpub.jpg\" alt=\"nmkpub\" itemprop=\"image\" height=\"430\" width=\"800\" title=\"nmkpub\" onerror=\"this.style.display='none'\"  \/>\n<h3>\n\t\tA company at your service\n\t<\/h3>\n\t<p>Chez NMK-PUB, nous comprenons que chaque entreprise a des besoins et des objectifs uniques en mati\u00e8re de communication visuelle. C&#8217;est pourquoi nous nous engageons \u00e0 travailler en \u00e9troite collaboration avec vous pour comprendre vos besoins sp\u00e9cifiques et vous fournir des solutions sur mesure qui r\u00e9pondent \u00e0 vos attentes.<\/p>\n<h3>\n\t\tYour trusted team\n\t<\/h3>\n\t<p>Our team is made up of passionate and experienced professionals, ready to take on any challenge to provide you with exceptional results. From design to completion, we do everything we can to guarantee customer satisfaction at every stage of the process.<\/p>\n<h3>\n\t\tOur services\n\t<\/h3>\n\t<p>At NMK-PUB, we offer a wide range of services to meet all your visual communication needs:<\/p>\n<ul>\n<li><strong>Internal and External Signage<\/strong> : Guide your customers and employees with effective and aesthetic directional signs, adapted to your environment.<\/li>\n<li><strong>Stickers and Window Dressing<\/strong> : Donnez vie \u00e0 votre vitrine avec des autocollants personnalis\u00e9s et attrayants qui captent l&#8217;attention des passants.<\/li>\n<li><strong>Signs of All Kinds<\/strong> : Whether for an illuminated sign, a PVC sign, or a custom sign, we have the perfect solution for your business.<\/li>\n<li><strong>Covering de <a href=\"https:\/\/nmk-pub.ch\/en\/nmk-pub-habille-les-nouveaux-camions-de-bonfrais-bongel\/\" title=\"Nmk-pub puts stickers on trucks for Bonfrais Bongel\"  data-wpil-monitor-id=\"1\">v\u00e9hicule<\/a><\/strong> : Transform your vehicle into a mobile advertising medium with our professional vehicle covering service.<\/li>\n<li><strong>Digital printing<\/strong> : Imprimez vos flyers, affiches, banni\u00e8res et autres supports promotionnels avec une qualit\u00e9 exceptionnelle gr\u00e2ce \u00e0 notre service d&#8217;impression num\u00e9rique.<\/li>\n<li><strong>Custom Projects<\/strong> : Besoin d&#8217;une solution unique et personnalis\u00e9e ? Notre \u00e9quipe cr\u00e9ative est l\u00e0 pour vous aider \u00e0 r\u00e9aliser vos id\u00e9es les plus audacieuses.<\/li>\n<\/ul>\n<h3>\n\t\tDemandez votre devis express d\u00e8s aujourd&#8217;hui\n\t<\/h3>\n\t<p>N&#8217;attendez plus pour donner \u00e0 votre entreprise l&#8217;attention qu&#8217;elle m\u00e9rite ! Demandez d\u00e8s aujourd&#8217;hui un devis express pour votre projet ou prenez simplement contact avec nous pour discuter de vos besoins en communication visuelle. Chez NMK-PUB, nous sommes l\u00e0 pour vous aider \u00e0 atteindre vos objectifs avec des solutions cr\u00e9atives et innovantes.<\/p>","protected":false},"excerpt":{"rendered":"<p>Pour PME et client\u00e8le priv\u00e9e \u00c0 propos de NMK-PUB : Votre Partenaire en Communication Visuelle en Suisse Romande Fond\u00e9e en 2004, notre entreprise est solidement implant\u00e9e en Suisse romande et s&#8217;engage \u00e0 offrir des solutions cr\u00e9atives et efficaces, que vous soyez une petite entreprise locale ou une grande entreprise nationale. Une entreprise \u00e0 votre \u00e9coute&hellip;<\/p>","protected":false},"author":1,"featured_media":0,"parent":0,"menu_order":0,"comment_status":"closed","ping_status":"closed","template":"","meta":{"_acf_changed":false,"footnotes":""},"class_list":["post-1289","page","type-page","status-publish","hentry"],"acf":[],"_links":{"self":[{"href":"https:\/\/nmk-pub.ch\/en\/wp-json\/wp\/v2\/pages\/1289","targetHints":{"allow":["GET"]}}],"collection":[{"href":"https:\/\/nmk-pub.ch\/en\/wp-json\/wp\/v2\/pages"}],"about":[{"href":"https:\/\/nmk-pub.ch\/en\/wp-json\/wp\/v2\/types\/page"}],"author":[{"embeddable":true,"href":"https:\/\/nmk-pub.ch\/en\/wp-json\/wp\/v2\/users\/1"}],"replies":[{"embeddable":true,"href":"https:\/\/nmk-pub.ch\/en\/wp-json\/wp\/v2\/comments?post=1289"}],"version-history":[{"count":15,"href":"https:\/\/nmk-pub.ch\/en\/wp-json\/wp\/v2\/pages\/1289\/revisions"}],"predecessor-version":[{"id":2836,"href":"https:\/\/nmk-pub.ch\/en\/wp-json\/wp\/v2\/pages\/1289\/revisions\/2836"}],"wp:attachment":[{"href":"https:\/\/nmk-pub.ch\/en\/wp-json\/wp\/v2\/media?parent=1289"}],"curies":[{"name":"wp","href":"https:\/\/api.w.org\/{rel}","templated":true}]}}