{"id":1291,"date":"2024-04-06T12:26:54","date_gmt":"2024-04-06T10:26:54","guid":{"rendered":"https:\/\/nmk-pub.ch\/?page_id=1291"},"modified":"2025-10-09T08:18:40","modified_gmt":"2025-10-09T06:18:40","slug":"contact-nmkpub","status":"publish","type":"page","link":"https:\/\/nmk-pub.ch\/en\/contact-nmkpub\/","title":{"rendered":"Contact"},"content":{"rendered":"<img decoding=\"async\" src=\"https:\/\/nmk-pub.ch\/wp-content\/uploads\/2024\/03\/logo-nmk-ligne.png\" alt=\"logo-nmk-ligne\" itemprop=\"image\" height=\"76\" width=\"273\" title=\"logo-nmk-line\" onerror=\"this.style.display='none'\" loading=\"lazy\" \/>\n<h5>\n\t\t\tFor SMEs and private customers \t<\/h5>\n<h1>\n\t\t\tExpress or scheduled contact\t<\/h1>\n\t<p>Whether you are in an emergency or a planned project, we respond to your requests. Get answers quickly with one of the contact methods below.<\/p>\n\t\t\t\t<img decoding=\"async\" src=\"https:\/\/nmk-pub.ch\/wp-content\/uploads\/2024\/03\/nmkpub.jpg\" alt=\"nmkpub\" itemprop=\"image\" height=\"430\" width=\"800\" title=\"nmkpub\" onerror=\"this.style.display='none'\" loading=\"lazy\" \/>\n\t<p><strong>Address<\/strong><\/p>\n<p>Chemin de Longeraie 103, Box n\u00b06<\/p>\n<p>1052 Le Mont-sur-Lausanne<\/p>\n<p><a href=\"https:\/\/maps.app.goo.gl\/sQUGAdQmX31NsuzV6\" target=\"_blank\" rel=\"noopener\">Google maps<\/a><\/p>\n\t<p><strong>Customer service<\/strong><\/p>\n<p><a href=\"tel:0041213578101\">+41 21 357 81 01<\/a><\/p>\n<p><a href=\"tel:0041 76 538 81 02\">+41 76 538 81 02<\/a><\/p>\n\t<p>Let\u2019s discuss and discover together how NMK-PUB can help you achieve your goals and carry out your project.<\/p>\n\t\t\t<a href=\"tel:0041%2021%20357%2081%2001\" target=\"_self\">\n\t\t\t\t\t\tTo call\n\t\t\t\t\t<\/a>\n\t\t\t<a href=\"https:\/\/nmk-pub.ch\/en\/rdv\/\" target=\"_self\">\n\t\t\t\t\t\tTo be called back\n\t\t\t\t\t<\/a>\n\t\t\t\t<img decoding=\"async\" src=\"https:\/\/nmk-pub.ch\/wp-content\/uploads\/2024\/10\/whatsapp-logo.png\" alt=\"whatsapp-logo\" itemprop=\"image\" height=\"1024\" width=\"1024\" title=\"whatsapp-logo\" onerror=\"this.style.display='none'\" loading=\"lazy\" \/>\n\t<p>If you already have some information to provide us in connection with your project, we will be able to give you a quick and precise response.<\/p>\n\t\t\t<a href=\"https:\/\/nmk-pub.ch\/en\/devis\/\" target=\"_self\">\n\t\t\t\t\t\t\tGenerate an express quote\n\t\t\t\t\t<\/a>\n\t<p>Pour toute autre demande, vous pouvez aussi nous contacter via notre formulaire ou nous \u00e9crire directement \u00e0 <a href=\"mailto:info@nmk-pub.ch\">info@nmk-pub.ch<\/a><\/p>\n<form action=\"\">\n\t<input type=\"hidden\" name=\"fl-layout-id\" value=\"1291\" \/>\n    \t\t<label for=\"pp-name-\">NAME<\/label>\n    \t\tPlease enter your name.\n    \t\t<input type=\"text\" name=\"pp-name\" id=\"pp-name-\" value=\"\" placeholder=\"NAME\"  \/>\n    \t\t<label for=\"pp-email-\">E-MAIL<\/label>\n    \t\tPlease enter a valid email address.\n    \t\t<input type=\"email\" name=\"pp-email\" id=\"pp-email-\" value=\"\" placeholder=\"E-MAIL\"  \/>\n    \t\t<label for=\"pp-phone-\">MOBILE<\/label>\n    \t\tPlease enter a valid phone number.\n    \t\t<input type=\"tel\" name=\"pp-phone\" id=\"pp-phone-\" value=\"\" placeholder=\"MOBILE\"  \/>\n    \t\t<label for=\"pp-message-\">YOUR MESSAGE<\/label>\n    \t\tPlease type your message.\n    \t\t<textarea name=\"pp-message\" id=\"pp-message-\" placeholder=\"YOUR MESSAGE\"><\/textarea>\n    \t<a href=\"#\" target=\"_self\" role=\"button\">\n    \t\t    \t\t    \t\tSend\n    \t\t    \t\t    \t<\/a>\n\t\t\tMessage sent! Message failed. Please try again.\n<input type=\"hidden\" name=\"trp-form-language\" value=\"en\"\/><\/form>","protected":false},"excerpt":{"rendered":"<p>Pour PME et client\u00e8le priv\u00e9e Contact express ou planifi\u00e9 Que vous soyez dans l&#8217;urgence ou dans un projet planifi\u00e9, nous r\u00e9pondons \u00e0 vos demandes. Obtenez des r\u00e9ponses rapidement avec l&#8217;un de moyen de contact ci-dessous. Adresse Chemin de Longeraie 103, Box n\u00b06 1052 Le Mont-sur-Lausanne Google maps Service client +41 21 357 81 01 +41&hellip;<\/p>","protected":false},"author":1,"featured_media":0,"parent":0,"menu_order":0,"comment_status":"closed","ping_status":"closed","template":"","meta":{"_acf_changed":false,"footnotes":""},"class_list":["post-1291","page","type-page","status-publish","hentry"],"acf":[],"_links":{"self":[{"href":"https:\/\/nmk-pub.ch\/en\/wp-json\/wp\/v2\/pages\/1291","targetHints":{"allow":["GET"]}}],"collection":[{"href":"https:\/\/nmk-pub.ch\/en\/wp-json\/wp\/v2\/pages"}],"about":[{"href":"https:\/\/nmk-pub.ch\/en\/wp-json\/wp\/v2\/types\/page"}],"author":[{"embeddable":true,"href":"https:\/\/nmk-pub.ch\/en\/wp-json\/wp\/v2\/users\/1"}],"replies":[{"embeddable":true,"href":"https:\/\/nmk-pub.ch\/en\/wp-json\/wp\/v2\/comments?post=1291"}],"version-history":[{"count":28,"href":"https:\/\/nmk-pub.ch\/en\/wp-json\/wp\/v2\/pages\/1291\/revisions"}],"predecessor-version":[{"id":2847,"href":"https:\/\/nmk-pub.ch\/en\/wp-json\/wp\/v2\/pages\/1291\/revisions\/2847"}],"wp:attachment":[{"href":"https:\/\/nmk-pub.ch\/en\/wp-json\/wp\/v2\/media?parent=1291"}],"curies":[{"name":"wp","href":"https:\/\/api.w.org\/{rel}","templated":true}]}}